{"id":233,"date":"2025-10-05T22:02:12","date_gmt":"2025-10-05T20:02:12","guid":{"rendered":"https:\/\/dominikagrzybek.pl\/?page_id=233"},"modified":"2025-10-05T22:03:16","modified_gmt":"2025-10-05T20:03:16","slug":"nadzor-na-budowach","status":"publish","type":"page","link":"https:\/\/bhpsafety.pl\/index.php\/nadzor-na-budowach\/","title":{"rendered":"Nadz\u00f3r na budowach"},"content":{"rendered":"\t\t<div data-elementor-type=\"wp-page\" data-elementor-id=\"233\" class=\"elementor elementor-233\">\n\t\t\t\t<div class=\"elementor-element elementor-element-d8414f4 e-flex e-con-boxed e-con e-parent\" data-id=\"d8414f4\" data-element_type=\"container\">\n\t\t\t\t\t<div class=\"e-con-inner\">\n\t\t\t\t<div class=\"elementor-element elementor-element-daa85d4 elementor-widget elementor-widget-html\" data-id=\"daa85d4\" data-element_type=\"widget\" data-widget_type=\"html.default\">\n\t\t\t\t\t<section class=\"bhp-supervision\" aria-label=\"Nadz\u00f3r na budowach \u2014 koordynacja BHP\">\n  <style>\n    :root{ --accent:#2563EB; --ink:#0B0C0E; --muted:#6B7280; --ring:rgba(37,99,235,.18); }\n\n    .bhp-supervision{ padding: clamp(28px,4.6vw,64px) 0; }\n    .bhp-supervision__wrap{\n      width:min(1200px,92vw); margin-inline:auto;\n      display:grid; gap: clamp(18px,3vw,36px);\n      grid-template-columns: 1.12fr .88fr;\n      grid-template-areas: \"content media\"; \/* desktop: tre\u015b\u0107 po lewej *\/\n      align-items:start;\n    }\n    @media (max-width: 900px){\n      .bhp-supervision__wrap{\n        grid-template-columns: 1fr;\n        grid-template-areas:\n          \"media\"   \/* mobile: zdj\u0119cie jako pierwsze *\/\n          \"content\";\n      }\n    }\n\n    \/* panel tre\u015bci *\/\n    .sv-card{\n      grid-area: content;\n      background:#fff;\n      border:1px solid rgba(0,0,0,.06);\n      border-radius:16px;\n      box-shadow:0 10px 22px rgba(0,0,0,.06);\n      padding: clamp(16px,2.6vw,22px);\n    }\n\n    .eyebrow{\n      display:inline-block; font-size:.9rem; letter-spacing:.08em; text-transform:uppercase;\n      background: rgba(37,99,235,.10);\n      border:1px solid var(--ring);\n      color:#1E3A8A; font-weight:900;\n      padding:.38rem .66rem; border-radius:999px;\n    }\n    .title{\n      margin:.65rem 0 .35rem;\n      font-size: clamp(1.55rem,3.2vw,2.2rem);\n      line-height:1.15; font-weight:900; color:var(--ink);\n    }\n    .lead{\n      margin:.2rem 0 1rem;\n      font-size: clamp(1rem,2.1vw,1.12rem);\n      line-height:1.65; color:#111827; opacity:.95;\n    }\n\n    .block{ margin:.9rem 0 1rem; }\n    .block h3{\n      margin:0 0 .5rem; font-size: clamp(1.02rem,2vw,1.15rem);\n      font-weight:900; color:var(--muted); letter-spacing:.02em; text-transform:uppercase;\n    }\n\n    .list{ list-style:none; margin:0; padding:0; display:grid; gap:.5rem; }\n    .item{\n      display:flex; align-items:flex-start; gap:.6rem;\n      padding:.5rem .65rem; border-radius:.6rem; transition:.18s ease;\n    }\n    .item:hover{ background:rgba(37,99,235,.06); }\n\n    .ico{\n      flex:0 0 auto; width:1.05em; height:1.05em; margin-top:.18em; color:var(--accent);\n    }\n    .ico svg{\n      width:100%; height:100%;\n      stroke: currentColor; stroke-width:2.5; fill:none; stroke-linecap:round; stroke-linejoin:round;\n    }\n\n    \/* media (612\u00d7408 ~ 3:2) *\/\n    .media{\n      grid-area: media;\n      position:relative; border-radius:18px; overflow:hidden;\n      box-shadow: inset 0 0 0 1px rgba(0,0,0,.08); background:#fff;\n    }\n    .media img{\n      display:block; width:100%; height:100%;\n      object-fit:cover; aspect-ratio: 3 \/ 2;\n    }\n  <\/style>\n\n  <div class=\"bhp-supervision__wrap\">\n    <!-- TRE\u015a\u0106 -->\n    <section class=\"sv-card\" aria-labelledby=\"sv-title\">\n      <span class=\"eyebrow\">Nadz\u00f3r na budowach<\/span>\n      <h2 class=\"title\" id=\"sv-title\">Kompleksowa koordynacja BHP na budowie \u2014 cel: \u201e0\u201d wypadk\u00f3w<\/h2>\n\n      <p class=\"lead\">\n        Zapewniamy nadz\u00f3r, kontrol\u0119 i doradztwo wykwalifikowanych specjalist\u00f3w w zakresie koordynacji BHP na budowie.\n        Naszym priorytetem jest maksymalne bezpiecze\u0144stwo i ograniczenie wypadk\u00f3w do zera.\n      <\/p>\n\n      <div class=\"block\">\n        <h3>Jak dzia\u0142amy?<\/h3>\n        <ul class=\"list\" aria-label=\"Zakres dzia\u0142a\u0144 nadzoru BHP\">\n          <li class=\"item\">\n            <span class=\"ico\" aria-hidden=\"true\"><svg viewBox=\"0 0 24 24\"><path d=\"M20 6 9 17l-5-5\"\/><\/svg><\/span>\n            prowadzimy szczeg\u00f3\u0142ow\u0105 analiz\u0119 zagro\u017ce\u0144 na terenie inwestycji,\n          <\/li>\n          <li class=\"item\">\n            <span class=\"ico\" aria-hidden=\"true\"><svg viewBox=\"0 0 24 24\"><path d=\"M20 6 9 17l-5-5\"\/><\/svg><\/span>\n            wdra\u017camy sprawdzony system nadzoru BHP,\n          <\/li>\n          <li class=\"item\">\n            <span class=\"ico\" aria-hidden=\"true\"><svg viewBox=\"0 0 24 24\"><path d=\"M20 6 9 17l-5-5\"\/><\/svg><\/span>\n            wspieramy Inwestora, Generalnego Wykonawc\u0119 i podwykonawc\u00f3w na ka\u017cdym etapie,\n          <\/li>\n          <li class=\"item\">\n            <span class=\"ico\" aria-hidden=\"true\"><svg viewBox=\"0 0 24 24\"><path d=\"M20 6 9 17l-5-5\"\/><\/svg><\/span>\n            doradzamy w organizacji pracy i doborze \u015aOI,\n          <\/li>\n          <li class=\"item\">\n            <span class=\"ico\" aria-hidden=\"true\"><svg viewBox=\"0 0 24 24\"><path d=\"M20 6 9 17l-5-5\"\/><\/svg><\/span>\n            pomagamy w stosowaniu przepis\u00f3w i procedur bezpiecze\u0144stwa.\n          <\/li>\n        <\/ul>\n      <\/div>\n\n      <p class=\"lead\" style=\"font-size:1rem; margin:.6rem 0 0; opacity:.9\">\n        Dzi\u0119ki do\u015bwiadczeniu pomagamy realizowa\u0107 projekty inwestycyjne bezpiecznie, zgodnie z przepisami i z pe\u0142nym wsparciem ekspert\u00f3w BHP.\n      <\/p>\n    <\/section>\n\n    <!-- ZDJ\u0118CIE -->\n    <figure class=\"media\" aria-label=\"Nadz\u00f3r na budowach \u2014 zdj\u0119cie\">\n      <img\n        src=\"https:\/\/bhpsafety.pl\/wp-content\/uploads\/2025\/10\/istockphoto-170961867-612x612-1.jpg\"\n        alt=\"Koordynacja BHP na budowie \u2014 kaski, plan i kontrola bezpiecze\u0144stwa\"\n        loading=\"lazy\" decoding=\"async\"\n        sizes=\"(max-width: 900px) 92vw, 520px\">\n    <\/figure>\n  <\/div>\n<\/section>\n\t\t\t\t<\/div>\n\t\t\t\t\t<\/div>\n\t\t\t\t<\/div>\n\t\t\t\t<\/div>\n\t\t","protected":false},"excerpt":{"rendered":"<p>Nadz\u00f3r na budowach Kompleksowa koordynacja BHP na budowie \u2014 cel: \u201e0\u201d wypadk\u00f3w Zapewniamy nadz\u00f3r, kontrol\u0119 i doradztwo wykwalifikowanych specjalist\u00f3w w [&hellip;]<\/p>\n","protected":false},"author":1,"featured_media":0,"parent":0,"menu_order":0,"comment_status":"closed","ping_status":"closed","template":"","meta":{"site-sidebar-layout":"no-sidebar","site-content-layout":"","ast-site-content-layout":"full-width-container","site-content-style":"default","site-sidebar-style":"default","ast-global-header-display":"","ast-banner-title-visibility":"","ast-main-header-display":"","ast-hfb-above-header-display":"","ast-hfb-below-header-display":"","ast-hfb-mobile-header-display":"","site-post-title":"disabled","ast-breadcrumbs-content":"","ast-featured-img":"disabled","footer-sml-layout":"","theme-transparent-header-meta":"","adv-header-id-meta":"","stick-header-meta":"","header-above-stick-meta":"","header-main-stick-meta":"","header-below-stick-meta":"","astra-migrate-meta-layouts":"default","ast-page-background-enabled":"default","ast-page-background-meta":{"desktop":{"background-color":"var(--ast-global-color-5)","background-image":"","background-repeat":"repeat","background-position":"center center","background-size":"auto","background-attachment":"scroll","background-type":"","background-media":"","overlay-type":"","overlay-color":"","overlay-opacity":"","overlay-gradient":""},"tablet":{"background-color":"","background-image":"","background-repeat":"repeat","background-position":"center center","background-size":"auto","background-attachment":"scroll","background-type":"","background-media":"","overlay-type":"","overlay-color":"","overlay-opacity":"","overlay-gradient":""},"mobile":{"background-color":"","background-image":"","background-repeat":"repeat","background-position":"center center","background-size":"auto","background-attachment":"scroll","background-type":"","background-media":"","overlay-type":"","overlay-color":"","overlay-opacity":"","overlay-gradient":""}},"ast-content-background-meta":{"desktop":{"background-color":"var(--ast-global-color-4)","background-image":"","background-repeat":"repeat","background-position":"center center","background-size":"auto","background-attachment":"scroll","background-type":"","background-media":"","overlay-type":"","overlay-color":"","overlay-opacity":"","overlay-gradient":""},"tablet":{"background-color":"var(--ast-global-color-4)","background-image":"","background-repeat":"repeat","background-position":"center center","background-size":"auto","background-attachment":"scroll","background-type":"","background-media":"","overlay-type":"","overlay-color":"","overlay-opacity":"","overlay-gradient":""},"mobile":{"background-color":"var(--ast-global-color-4)","background-image":"","background-repeat":"repeat","background-position":"center center","background-size":"auto","background-attachment":"scroll","background-type":"","background-media":"","overlay-type":"","overlay-color":"","overlay-opacity":"","overlay-gradient":""}},"footnotes":""},"class_list":["post-233","page","type-page","status-publish","hentry"],"yoast_head":"<!-- This site is optimized with the Yoast SEO plugin v26.1.1 - https:\/\/yoast.com\/wordpress\/plugins\/seo\/ -->\n<title>Nadz\u00f3r na budowach - Us\u0142ugi BHP Safety<\/title>\n<meta name=\"robots\" content=\"index, follow, max-snippet:-1, max-image-preview:large, max-video-preview:-1\" \/>\n<link rel=\"canonical\" href=\"https:\/\/bhpsafety.pl\/index.php\/nadzor-na-budowach\/\" \/>\n<meta property=\"og:locale\" content=\"pl_PL\" \/>\n<meta property=\"og:type\" content=\"article\" \/>\n<meta property=\"og:title\" content=\"Nadz\u00f3r na budowach - Us\u0142ugi BHP Safety\" \/>\n<meta property=\"og:description\" content=\"Nadz\u00f3r na budowach Kompleksowa koordynacja BHP na budowie \u2014 cel: \u201e0\u201d wypadk\u00f3w Zapewniamy nadz\u00f3r, kontrol\u0119 i doradztwo wykwalifikowanych specjalist\u00f3w w [&hellip;]\" \/>\n<meta property=\"og:url\" content=\"https:\/\/bhpsafety.pl\/index.php\/nadzor-na-budowach\/\" \/>\n<meta property=\"og:site_name\" content=\"Us\u0142ugi BHP Safety\" \/>\n<meta property=\"article:publisher\" content=\"https:\/\/www.facebook.com\/profile.php?id=61558502530383\" \/>\n<meta property=\"article:modified_time\" content=\"2025-10-05T20:03:16+00:00\" \/>\n<meta name=\"twitter:card\" content=\"summary_large_image\" \/>\n<meta name=\"twitter:label1\" content=\"Szacowany czas czytania\" \/>\n\t<meta name=\"twitter:data1\" content=\"1 minuta\" \/>\n<script type=\"application\/ld+json\" class=\"yoast-schema-graph\">{\"@context\":\"https:\/\/schema.org\",\"@graph\":[{\"@type\":\"WebPage\",\"@id\":\"https:\/\/bhpsafety.pl\/index.php\/nadzor-na-budowach\/\",\"url\":\"https:\/\/bhpsafety.pl\/index.php\/nadzor-na-budowach\/\",\"name\":\"Nadz\u00f3r na budowach - Us\u0142ugi BHP Safety\",\"isPartOf\":{\"@id\":\"https:\/\/bhpsafety.pl\/#website\"},\"datePublished\":\"2025-10-05T20:02:12+00:00\",\"dateModified\":\"2025-10-05T20:03:16+00:00\",\"breadcrumb\":{\"@id\":\"https:\/\/bhpsafety.pl\/index.php\/nadzor-na-budowach\/#breadcrumb\"},\"inLanguage\":\"pl-PL\",\"potentialAction\":[{\"@type\":\"ReadAction\",\"target\":[\"https:\/\/bhpsafety.pl\/index.php\/nadzor-na-budowach\/\"]}]},{\"@type\":\"BreadcrumbList\",\"@id\":\"https:\/\/bhpsafety.pl\/index.php\/nadzor-na-budowach\/#breadcrumb\",\"itemListElement\":[{\"@type\":\"ListItem\",\"position\":1,\"name\":\"Strona g\u0142\u00f3wna\",\"item\":\"https:\/\/bhpsafety.pl\/\"},{\"@type\":\"ListItem\",\"position\":2,\"name\":\"Nadz\u00f3r na budowach\"}]},{\"@type\":\"WebSite\",\"@id\":\"https:\/\/bhpsafety.pl\/#website\",\"url\":\"https:\/\/bhpsafety.pl\/\",\"name\":\"Us\u0142ugi BHP Safety\",\"description\":\"\",\"publisher\":{\"@id\":\"https:\/\/bhpsafety.pl\/#organization\"},\"potentialAction\":[{\"@type\":\"SearchAction\",\"target\":{\"@type\":\"EntryPoint\",\"urlTemplate\":\"https:\/\/bhpsafety.pl\/?s={search_term_string}\"},\"query-input\":{\"@type\":\"PropertyValueSpecification\",\"valueRequired\":true,\"valueName\":\"search_term_string\"}}],\"inLanguage\":\"pl-PL\"},{\"@type\":\"Organization\",\"@id\":\"https:\/\/bhpsafety.pl\/#organization\",\"name\":\"Us\u0142ugi BHP Safety\",\"url\":\"https:\/\/bhpsafety.pl\/\",\"logo\":{\"@type\":\"ImageObject\",\"inLanguage\":\"pl-PL\",\"@id\":\"https:\/\/bhpsafety.pl\/#\/schema\/logo\/image\/\",\"url\":\"https:\/\/bhpsafety.pl\/wp-content\/uploads\/2025\/09\/cropped-Unknown-removebg-preview.png\",\"contentUrl\":\"https:\/\/bhpsafety.pl\/wp-content\/uploads\/2025\/09\/cropped-Unknown-removebg-preview.png\",\"width\":500,\"height\":455,\"caption\":\"Us\u0142ugi BHP Safety\"},\"image\":{\"@id\":\"https:\/\/bhpsafety.pl\/#\/schema\/logo\/image\/\"},\"sameAs\":[\"https:\/\/www.facebook.com\/profile.php?id=61558502530383\"]}]}<\/script>\n<!-- \/ Yoast SEO plugin. -->","yoast_head_json":{"title":"Nadz\u00f3r na budowach - Us\u0142ugi BHP Safety","robots":{"index":"index","follow":"follow","max-snippet":"max-snippet:-1","max-image-preview":"max-image-preview:large","max-video-preview":"max-video-preview:-1"},"canonical":"https:\/\/bhpsafety.pl\/index.php\/nadzor-na-budowach\/","og_locale":"pl_PL","og_type":"article","og_title":"Nadz\u00f3r na budowach - Us\u0142ugi BHP Safety","og_description":"Nadz\u00f3r na budowach Kompleksowa koordynacja BHP na budowie \u2014 cel: \u201e0\u201d wypadk\u00f3w Zapewniamy nadz\u00f3r, kontrol\u0119 i doradztwo wykwalifikowanych specjalist\u00f3w w [&hellip;]","og_url":"https:\/\/bhpsafety.pl\/index.php\/nadzor-na-budowach\/","og_site_name":"Us\u0142ugi BHP Safety","article_publisher":"https:\/\/www.facebook.com\/profile.php?id=61558502530383","article_modified_time":"2025-10-05T20:03:16+00:00","twitter_card":"summary_large_image","twitter_misc":{"Szacowany czas czytania":"1 minuta"},"schema":{"@context":"https:\/\/schema.org","@graph":[{"@type":"WebPage","@id":"https:\/\/bhpsafety.pl\/index.php\/nadzor-na-budowach\/","url":"https:\/\/bhpsafety.pl\/index.php\/nadzor-na-budowach\/","name":"Nadz\u00f3r na budowach - Us\u0142ugi BHP Safety","isPartOf":{"@id":"https:\/\/bhpsafety.pl\/#website"},"datePublished":"2025-10-05T20:02:12+00:00","dateModified":"2025-10-05T20:03:16+00:00","breadcrumb":{"@id":"https:\/\/bhpsafety.pl\/index.php\/nadzor-na-budowach\/#breadcrumb"},"inLanguage":"pl-PL","potentialAction":[{"@type":"ReadAction","target":["https:\/\/bhpsafety.pl\/index.php\/nadzor-na-budowach\/"]}]},{"@type":"BreadcrumbList","@id":"https:\/\/bhpsafety.pl\/index.php\/nadzor-na-budowach\/#breadcrumb","itemListElement":[{"@type":"ListItem","position":1,"name":"Strona g\u0142\u00f3wna","item":"https:\/\/bhpsafety.pl\/"},{"@type":"ListItem","position":2,"name":"Nadz\u00f3r na budowach"}]},{"@type":"WebSite","@id":"https:\/\/bhpsafety.pl\/#website","url":"https:\/\/bhpsafety.pl\/","name":"Us\u0142ugi BHP Safety","description":"","publisher":{"@id":"https:\/\/bhpsafety.pl\/#organization"},"potentialAction":[{"@type":"SearchAction","target":{"@type":"EntryPoint","urlTemplate":"https:\/\/bhpsafety.pl\/?s={search_term_string}"},"query-input":{"@type":"PropertyValueSpecification","valueRequired":true,"valueName":"search_term_string"}}],"inLanguage":"pl-PL"},{"@type":"Organization","@id":"https:\/\/bhpsafety.pl\/#organization","name":"Us\u0142ugi BHP Safety","url":"https:\/\/bhpsafety.pl\/","logo":{"@type":"ImageObject","inLanguage":"pl-PL","@id":"https:\/\/bhpsafety.pl\/#\/schema\/logo\/image\/","url":"https:\/\/bhpsafety.pl\/wp-content\/uploads\/2025\/09\/cropped-Unknown-removebg-preview.png","contentUrl":"https:\/\/bhpsafety.pl\/wp-content\/uploads\/2025\/09\/cropped-Unknown-removebg-preview.png","width":500,"height":455,"caption":"Us\u0142ugi BHP Safety"},"image":{"@id":"https:\/\/bhpsafety.pl\/#\/schema\/logo\/image\/"},"sameAs":["https:\/\/www.facebook.com\/profile.php?id=61558502530383"]}]}},"_links":{"self":[{"href":"https:\/\/bhpsafety.pl\/index.php\/wp-json\/wp\/v2\/pages\/233","targetHints":{"allow":["GET"]}}],"collection":[{"href":"https:\/\/bhpsafety.pl\/index.php\/wp-json\/wp\/v2\/pages"}],"about":[{"href":"https:\/\/bhpsafety.pl\/index.php\/wp-json\/wp\/v2\/types\/page"}],"author":[{"embeddable":true,"href":"https:\/\/bhpsafety.pl\/index.php\/wp-json\/wp\/v2\/users\/1"}],"replies":[{"embeddable":true,"href":"https:\/\/bhpsafety.pl\/index.php\/wp-json\/wp\/v2\/comments?post=233"}],"version-history":[{"count":5,"href":"https:\/\/bhpsafety.pl\/index.php\/wp-json\/wp\/v2\/pages\/233\/revisions"}],"predecessor-version":[{"id":238,"href":"https:\/\/bhpsafety.pl\/index.php\/wp-json\/wp\/v2\/pages\/233\/revisions\/238"}],"wp:attachment":[{"href":"https:\/\/bhpsafety.pl\/index.php\/wp-json\/wp\/v2\/media?parent=233"}],"curies":[{"name":"wp","href":"https:\/\/api.w.org\/{rel}","templated":true}]}}